{"id":32,"date":"2026-04-27T14:10:57","date_gmt":"2026-04-27T14:10:57","guid":{"rendered":"https:\/\/santacruzbarueri.com.br\/portal\/?page_id=32"},"modified":"2026-04-27T12:52:35","modified_gmt":"2026-04-27T15:52:35","slug":"secretaria","status":"publish","type":"page","link":"https:\/\/santacruzbarueri.com.br\/portal\/secretaria\/","title":{"rendered":"Secretaria"},"content":{"rendered":"\n<p>O hor\u00e1rio de atendimento da Secretaria Paroquial \u00e9 de <strong>Ter\u00e7a a S\u00e1bado<\/strong> das <strong>08h00 \u00e0s 13h00<\/strong> e das <strong>14h00 \u00e0s 17h30<\/strong>. Voc\u00ea tamb\u00e9m pode entrar em contato com a Secretaria Paroquial atrav\u00e9s do <strong><a href=\"https:\/\/wa.me\/+5511969269995\/?text=Ol%C3%A1,%20preciso%20de%20informa%C3%A7%C3%B5es%20sobre\" data-type=\"link\" data-id=\"https:\/\/wa.me\/+5511969269995\/?text=Ol%C3%A1,%20preciso%20de%20informa%C3%A7%C3%B5es%20sobre\">WhatsApp Oficial<\/a><\/strong>, com espera de atendimento maior devido a quantidade de atendimentos.<\/p>\n\n\n\n<h2 class=\"wp-block-heading\">Rela\u00e7\u00e3o de documentos para sacramentos<\/h2>\n\n\n\n<div class=\"wp-block-columns is-layout-flex wp-container-core-columns-is-layout-9d6595d7 wp-block-columns-is-layout-flex\">\n<div class=\"wp-block-column is-layout-flow wp-block-column-is-layout-flow\">\n<figure class=\"wp-block-image size-full\"><img loading=\"lazy\" decoding=\"async\" width=\"420\" height=\"252\" src=\"https:\/\/santacruzbarueri.com.br\/portal\/wp-content\/uploads\/2026\/04\/sec-batismo-1.jpg\" alt=\"\" class=\"wp-image-71\" srcset=\"https:\/\/santacruzbarueri.com.br\/portal\/wp-content\/uploads\/2026\/04\/sec-batismo-1.jpg 420w, https:\/\/santacruzbarueri.com.br\/portal\/wp-content\/uploads\/2026\/04\/sec-batismo-1-300x180.jpg 300w\" sizes=\"auto, (max-width: 420px) 100vw, 420px\" \/><\/figure>\n<\/div>\n\n\n\n<div class=\"wp-block-column is-layout-flow wp-block-column-is-layout-flow\">\n<h3 class=\"wp-block-heading\">Batismo<\/h3>\n\n\n\n<ul class=\"wp-block-list\">\n<li>Certid\u00e3o de nascimento do batizando<\/li>\n\n\n\n<li>RG e Comprovante de resid\u00eancia dos pais<\/li>\n\n\n\n<li>RG e Comprovante de resid\u00eancia dos padrinhos<\/li>\n\n\n\n<li>Certificado do curso de batismo dos pais<\/li>\n\n\n\n<li>Certificado do curso de batismo dos padrinhos<\/li>\n\n\n\n<li>Certid\u00e3o de batismo dos padrinhos<\/li>\n\n\n\n<li>Certid\u00e3o de casamento dos padrinhos (caso sejam casados)<\/li>\n<\/ul>\n<\/div>\n<\/div>\n\n\n\n<div class=\"wp-block-columns is-layout-flex wp-container-core-columns-is-layout-9d6595d7 wp-block-columns-is-layout-flex\">\n<div class=\"wp-block-column is-layout-flow wp-block-column-is-layout-flow\">\n<figure class=\"wp-block-image size-full\"><img loading=\"lazy\" decoding=\"async\" width=\"420\" height=\"252\" src=\"https:\/\/santacruzbarueri.com.br\/portal\/wp-content\/uploads\/2026\/04\/sec-matrimonio.jpg\" alt=\"\" class=\"wp-image-72\" srcset=\"https:\/\/santacruzbarueri.com.br\/portal\/wp-content\/uploads\/2026\/04\/sec-matrimonio.jpg 420w, https:\/\/santacruzbarueri.com.br\/portal\/wp-content\/uploads\/2026\/04\/sec-matrimonio-300x180.jpg 300w\" sizes=\"auto, (max-width: 420px) 100vw, 420px\" \/><\/figure>\n<\/div>\n\n\n\n<div class=\"wp-block-column is-layout-flow wp-block-column-is-layout-flow\">\n<h3 class=\"wp-block-heading\">Matrim\u00f4nio<\/h3>\n\n\n\n<ul class=\"wp-block-list\">\n<li>RG e comprovante de resid\u00eancia dos noivos<\/li>\n\n\n\n<li>RG e comprovante de resid\u00eancia do casal de padrinhos<\/li>\n\n\n\n<li>Certid\u00e3o de batismo dos noivos<\/li>\n\n\n\n<li>Certid\u00e3o de casamento do civil<\/li>\n\n\n\n<li>Certificado do curso de noivos<\/li>\n\n\n\n<li>Profiss\u00e3o e estado civil dos noivos<\/li>\n\n\n\n<li>Profiss\u00e3o e estado civil do casal de padrinhos<\/li>\n\n\n\n<li>Certid\u00e3o de Batismo dos padrinhos (caso sejam solteiros) ou,<\/li>\n\n\n\n<li>Certid\u00e3o de Casamento dos padrinhos (caso sejam casados)<\/li>\n<\/ul>\n<\/div>\n<\/div>\n\n\n\n<p><\/p>\n","protected":false},"excerpt":{"rendered":"<p>O hor\u00e1rio de atendimento da Secretaria Paroquial \u00e9 de Ter\u00e7a a S\u00e1bado das 08h00 \u00e0s 13h00 &hellip; <a title=\"Secretaria\" class=\"hm-read-more\" href=\"https:\/\/santacruzbarueri.com.br\/portal\/secretaria\/\"><span class=\"screen-reader-text\">Secretaria<\/span>Read more<\/a><\/p>\n","protected":false},"author":1,"featured_media":0,"parent":0,"menu_order":0,"comment_status":"closed","ping_status":"closed","template":"","meta":{"footnotes":""},"class_list":["post-32","page","type-page","status-publish","hentry"],"_hostinger_reach_plugin_has_subscription_block":false,"_hostinger_reach_plugin_is_elementor":false,"_links":{"self":[{"href":"https:\/\/santacruzbarueri.com.br\/portal\/wp-json\/wp\/v2\/pages\/32","targetHints":{"allow":["GET"]}}],"collection":[{"href":"https:\/\/santacruzbarueri.com.br\/portal\/wp-json\/wp\/v2\/pages"}],"about":[{"href":"https:\/\/santacruzbarueri.com.br\/portal\/wp-json\/wp\/v2\/types\/page"}],"author":[{"embeddable":true,"href":"https:\/\/santacruzbarueri.com.br\/portal\/wp-json\/wp\/v2\/users\/1"}],"replies":[{"embeddable":true,"href":"https:\/\/santacruzbarueri.com.br\/portal\/wp-json\/wp\/v2\/comments?post=32"}],"version-history":[{"count":5,"href":"https:\/\/santacruzbarueri.com.br\/portal\/wp-json\/wp\/v2\/pages\/32\/revisions"}],"predecessor-version":[{"id":39,"href":"https:\/\/santacruzbarueri.com.br\/portal\/wp-json\/wp\/v2\/pages\/32\/revisions\/39"}],"wp:attachment":[{"href":"https:\/\/santacruzbarueri.com.br\/portal\/wp-json\/wp\/v2\/media?parent=32"}],"curies":[{"name":"wp","href":"https:\/\/api.w.org\/{rel}","templated":true}]}}