{"id":29,"date":"2026-04-27T14:10:57","date_gmt":"2026-04-27T14:10:57","guid":{"rendered":"https:\/\/santacruzbarueri.com.br\/portal\/?page_id=29"},"modified":"2026-05-04T02:35:54","modified_gmt":"2026-05-04T05:35:54","slug":"paroquia","status":"publish","type":"page","link":"https:\/\/santacruzbarueri.com.br\/portal\/paroquia\/","title":{"rendered":"Par\u00f3quia"},"content":{"rendered":"\n<p>Data de funda\u00e7\u00e3o: 05 de novembro de 1999<\/p>\n\n\n\n<p>Comunidades: 7 (Matriz, Santa Catarina de Alexandria, Nossa Senhora das Gra\u00e7as, Nossa Senhora de F\u00e1tima, Nossa Senhora Aparecida, S\u00e3o Judas Tadeu e Santo Expedito)<\/p>\n\n\n\n<h3 class=\"wp-block-heading\">Dire\u00e7\u00e3o paroquial<\/h3>\n\n\n\n<div class=\"wp-block-columns is-layout-flex wp-container-core-columns-is-layout-9d6595d7 wp-block-columns-is-layout-flex\">\n<div class=\"wp-block-column is-layout-flow wp-block-column-is-layout-flow\">\n<div class=\"wp-block-columns is-layout-flex wp-container-core-columns-is-layout-9d6595d7 wp-block-columns-is-layout-flex\">\n<div class=\"wp-block-column is-layout-flow wp-block-column-is-layout-flow\">\n<figure class=\"wp-block-image size-full is-resized is-style-rounded\"><img loading=\"lazy\" decoding=\"async\" width=\"284\" height=\"284\" src=\"https:\/\/santacruzbarueri.com.br\/portal\/wp-content\/uploads\/2026\/05\/IMG_5613.jpg\" alt=\"\" class=\"wp-image-311\" style=\"width:176px;height:auto\" srcset=\"https:\/\/santacruzbarueri.com.br\/portal\/wp-content\/uploads\/2026\/05\/IMG_5613.jpg 284w, https:\/\/santacruzbarueri.com.br\/portal\/wp-content\/uploads\/2026\/05\/IMG_5613-150x150.jpg 150w\" sizes=\"auto, (max-width: 284px) 100vw, 284px\" \/><\/figure>\n\n\n\n<h4 class=\"wp-block-heading\">Padre Ricardo Rodrigues<\/h4>\n\n\n\n<p>Administrador paroquial<br>Desde 2024<\/p>\n<\/div>\n\n\n\n<div class=\"wp-block-column is-layout-flow wp-block-column-is-layout-flow\">\n<figure class=\"wp-block-image size-full is-resized is-style-rounded\"><img loading=\"lazy\" decoding=\"async\" width=\"227\" height=\"227\" src=\"https:\/\/santacruzbarueri.com.br\/portal\/wp-content\/uploads\/2026\/05\/IMG_5613-2.jpg\" alt=\"\" class=\"wp-image-312\" style=\"width:176px;height:auto\" srcset=\"https:\/\/santacruzbarueri.com.br\/portal\/wp-content\/uploads\/2026\/05\/IMG_5613-2.jpg 227w, https:\/\/santacruzbarueri.com.br\/portal\/wp-content\/uploads\/2026\/05\/IMG_5613-2-150x150.jpg 150w\" sizes=\"auto, (max-width: 227px) 100vw, 227px\" \/><\/figure>\n\n\n\n<h4 class=\"wp-block-heading\">Padre Vin\u00edcius Rocha<\/h4>\n\n\n\n<p>Vig\u00e1rio paroquial<br>Desde 2023<\/p>\n<\/div>\n\n\n\n<div class=\"wp-block-column is-layout-flow wp-block-column-is-layout-flow\"><\/div>\n<\/div>\n<\/div>\n<\/div>\n\n\n\n<h2 class=\"wp-block-heading\">Administra\u00e7\u00f5es anteriores<\/h2>\n\n\n\n<div class=\"wp-block-columns is-layout-flex wp-container-core-columns-is-layout-9d6595d7 wp-block-columns-is-layout-flex\">\n<div class=\"wp-block-column is-layout-flow wp-block-column-is-layout-flow\">\n<div class=\"wp-block-columns is-layout-flex wp-container-core-columns-is-layout-9d6595d7 wp-block-columns-is-layout-flex\">\n<div class=\"wp-block-column is-layout-flow wp-block-column-is-layout-flow\">\n<figure class=\"wp-block-image size-full is-resized is-style-rounded\"><img loading=\"lazy\" decoding=\"async\" width=\"168\" height=\"167\" src=\"https:\/\/santacruzbarueri.com.br\/portal\/wp-content\/uploads\/2026\/04\/pe-marcio.png\" alt=\"\" class=\"wp-image-55\" style=\"width:176px;height:auto\" srcset=\"https:\/\/santacruzbarueri.com.br\/portal\/wp-content\/uploads\/2026\/04\/pe-marcio.png 168w, https:\/\/santacruzbarueri.com.br\/portal\/wp-content\/uploads\/2026\/04\/pe-marcio-150x150.png 150w\" sizes=\"auto, (max-width: 168px) 100vw, 168px\" \/><\/figure>\n\n\n\n<h4 class=\"wp-block-heading\">Padre M\u00e1rcio Jos\u00e9 Pereira<\/h4>\n\n\n\n<p>2014-2024<\/p>\n<\/div>\n\n\n\n<div class=\"wp-block-column is-layout-flow wp-block-column-is-layout-flow\">\n<figure class=\"wp-block-image size-full is-resized is-style-rounded\"><img loading=\"lazy\" decoding=\"async\" width=\"168\" height=\"167\" src=\"https:\/\/santacruzbarueri.com.br\/portal\/wp-content\/uploads\/2026\/04\/pe-edilson.png\" alt=\"\" class=\"wp-image-56\" style=\"width:176px;height:auto\" srcset=\"https:\/\/santacruzbarueri.com.br\/portal\/wp-content\/uploads\/2026\/04\/pe-edilson.png 168w, https:\/\/santacruzbarueri.com.br\/portal\/wp-content\/uploads\/2026\/04\/pe-edilson-150x150.png 150w\" sizes=\"auto, (max-width: 168px) 100vw, 168px\" \/><\/figure>\n\n\n\n<h4 class=\"wp-block-heading\">Padre Edilson Pinto dos Santos<\/h4>\n\n\n\n<p>2005-2014<\/p>\n<\/div>\n\n\n\n<div class=\"wp-block-column is-layout-flow wp-block-column-is-layout-flow\">\n<figure class=\"wp-block-image size-full is-resized is-style-rounded\"><img loading=\"lazy\" decoding=\"async\" width=\"168\" height=\"167\" src=\"https:\/\/santacruzbarueri.com.br\/portal\/wp-content\/uploads\/2026\/04\/pe-adinael.png\" alt=\"\" class=\"wp-image-57\" style=\"width:176px;height:auto\" srcset=\"https:\/\/santacruzbarueri.com.br\/portal\/wp-content\/uploads\/2026\/04\/pe-adinael.png 168w, https:\/\/santacruzbarueri.com.br\/portal\/wp-content\/uploads\/2026\/04\/pe-adinael-150x150.png 150w\" sizes=\"auto, (max-width: 168px) 100vw, 168px\" \/><\/figure>\n\n\n\n<h4 class=\"wp-block-heading\">Padre Adinael Carlos Miguel<\/h4>\n\n\n\n<p>1999-2004<\/p>\n<\/div>\n\n\n\n<div class=\"wp-block-column is-layout-flow wp-block-column-is-layout-flow\"><\/div>\n<\/div>\n<\/div>\n<\/div>\n\n\n\n<figure class=\"wp-block-image size-large is-resized\"><img loading=\"lazy\" decoding=\"async\" width=\"846\" height=\"1024\" src=\"https:\/\/santacruzbarueri.com.br\/portal\/wp-content\/uploads\/2026\/04\/brasao-jubileu-846x1024.png\" alt=\"Logotipo comemorativo do Jubileu de 25 anos da Par\u00f3quia Santa Cruz\" class=\"wp-image-53\" style=\"aspect-ratio:0.8259587020648967;object-fit:cover;width:467px;height:auto\" srcset=\"https:\/\/santacruzbarueri.com.br\/portal\/wp-content\/uploads\/2026\/04\/brasao-jubileu-846x1024.png 846w, https:\/\/santacruzbarueri.com.br\/portal\/wp-content\/uploads\/2026\/04\/brasao-jubileu-248x300.png 248w, https:\/\/santacruzbarueri.com.br\/portal\/wp-content\/uploads\/2026\/04\/brasao-jubileu-768x930.png 768w, https:\/\/santacruzbarueri.com.br\/portal\/wp-content\/uploads\/2026\/04\/brasao-jubileu.png 1120w\" sizes=\"auto, (max-width: 846px) 100vw, 846px\" \/><figcaption class=\"wp-element-caption\">Bras\u00e3o comemorativo do Jubileu de Prata de 25 anos da Funda\u00e7\u00e3o da Par\u00f3quia Santa Cruz<\/figcaption><\/figure>\n","protected":false},"excerpt":{"rendered":"<p>Data de funda\u00e7\u00e3o: 05 de novembro de 1999 Comunidades: 7 (Matriz, Santa Catarina de Alexandria, Nossa &hellip; <a title=\"Par\u00f3quia\" class=\"hm-read-more\" href=\"https:\/\/santacruzbarueri.com.br\/portal\/paroquia\/\"><span class=\"screen-reader-text\">Par\u00f3quia<\/span>Read more<\/a><\/p>\n","protected":false},"author":1,"featured_media":125,"parent":0,"menu_order":0,"comment_status":"closed","ping_status":"closed","template":"","meta":{"footnotes":""},"class_list":["post-29","page","type-page","status-publish","has-post-thumbnail","hentry"],"_hostinger_reach_plugin_has_subscription_block":false,"_hostinger_reach_plugin_is_elementor":false,"_links":{"self":[{"href":"https:\/\/santacruzbarueri.com.br\/portal\/wp-json\/wp\/v2\/pages\/29","targetHints":{"allow":["GET"]}}],"collection":[{"href":"https:\/\/santacruzbarueri.com.br\/portal\/wp-json\/wp\/v2\/pages"}],"about":[{"href":"https:\/\/santacruzbarueri.com.br\/portal\/wp-json\/wp\/v2\/types\/page"}],"author":[{"embeddable":true,"href":"https:\/\/santacruzbarueri.com.br\/portal\/wp-json\/wp\/v2\/users\/1"}],"replies":[{"embeddable":true,"href":"https:\/\/santacruzbarueri.com.br\/portal\/wp-json\/wp\/v2\/comments?post=29"}],"version-history":[{"count":10,"href":"https:\/\/santacruzbarueri.com.br\/portal\/wp-json\/wp\/v2\/pages\/29\/revisions"}],"predecessor-version":[{"id":313,"href":"https:\/\/santacruzbarueri.com.br\/portal\/wp-json\/wp\/v2\/pages\/29\/revisions\/313"}],"wp:featuredmedia":[{"embeddable":true,"href":"https:\/\/santacruzbarueri.com.br\/portal\/wp-json\/wp\/v2\/media\/125"}],"wp:attachment":[{"href":"https:\/\/santacruzbarueri.com.br\/portal\/wp-json\/wp\/v2\/media?parent=29"}],"curies":[{"name":"wp","href":"https:\/\/api.w.org\/{rel}","templated":true}]}}