{"id":28,"date":"2026-04-27T14:10:57","date_gmt":"2026-04-27T14:10:57","guid":{"rendered":"https:\/\/santacruzbarueri.com.br\/portal\/?page_id=28"},"modified":"2026-04-27T14:39:20","modified_gmt":"2026-04-27T17:39:20","slug":"comunidades","status":"publish","type":"page","link":"https:\/\/santacruzbarueri.com.br\/portal\/comunidades\/","title":{"rendered":"Comunidades"},"content":{"rendered":"\n<p>Nossa Par\u00f3quia \u00e9 composta por sete comunidades localizadas na regi\u00e3o do Engenho Novo, Jardim Calif\u00f3rnia, Jardim S\u00e3o Silvestre, Jardim Graziela, Ribeiro de Lima e Jardim Fl\u00f3rida na cidade de Barueri &#8211; SP.<\/p>\n\n\n\n<div class=\"wp-block-columns is-layout-flex wp-container-core-columns-is-layout-9d6595d7 wp-block-columns-is-layout-flex\">\n<div class=\"wp-block-column is-layout-flow wp-block-column-is-layout-flow\" style=\"flex-basis:25%\">\n<figure class=\"wp-block-image size-full\"><img loading=\"lazy\" decoding=\"async\" width=\"245\" height=\"307\" src=\"https:\/\/santacruzbarueri.com.br\/portal\/wp-content\/uploads\/2026\/04\/com-matriz-imaculada-conceicao-1.jpg\" alt=\"\" class=\"wp-image-95\" srcset=\"https:\/\/santacruzbarueri.com.br\/portal\/wp-content\/uploads\/2026\/04\/com-matriz-imaculada-conceicao-1.jpg 245w, https:\/\/santacruzbarueri.com.br\/portal\/wp-content\/uploads\/2026\/04\/com-matriz-imaculada-conceicao-1-239x300.jpg 239w\" sizes=\"auto, (max-width: 245px) 100vw, 245px\" \/><\/figure>\n<\/div>\n\n\n\n<div class=\"wp-block-column is-layout-flow wp-block-column-is-layout-flow\" style=\"flex-basis:66.66%\">\n<h2 class=\"wp-block-heading\">Matriz &#8211; Centro Pastoral Imaculada Concei\u00e7\u00e3o<\/h2>\n\n\n\n<p><a href=\"https:\/\/www.google.com\/maps\/place\/Av.+Louren%C3%A7o+Z%C3%A1caro,+112+-+Jardim+Sao+Silvestre,+Barueri+-+SP,+06408-000\/data=!4m2!3m1!1s0x94cf0397c6d1548f:0xf7f7ab2fe65b8e73?sa=X&amp;ved=1t:242&amp;ictx=111\" target=\"_blank\" rel=\"noreferrer noopener\">Avenida Louren\u00e7o Z\u00e1caro, 112 &#8211; Jardim S\u00e3o Silvestre<\/a>\u00a0<img decoding=\"async\" src=\"https:\/\/santacruzbarueri.com.br\/img\/ico-point.svg\"><br>Missas e Celebra\u00e7\u00f5es<br><strong>Domingo 07:30, 10:30 e 18:00<br>Quinta-feira 20:00<br>Sexta-feira 06:30<\/strong><\/p>\n<\/div>\n<\/div>\n\n\n\n<div class=\"wp-block-columns is-layout-flex wp-container-core-columns-is-layout-9d6595d7 wp-block-columns-is-layout-flex\">\n<div class=\"wp-block-column is-layout-flow wp-block-column-is-layout-flow\" style=\"flex-basis:25%\">\n<figure class=\"wp-block-image size-full is-resized\"><img loading=\"lazy\" decoding=\"async\" width=\"168\" height=\"168\" src=\"https:\/\/santacruzbarueri.com.br\/portal\/wp-content\/uploads\/2026\/04\/com-santa-catarina-2.png\" alt=\"\" class=\"wp-image-85\" style=\"width:201px;height:auto\" srcset=\"https:\/\/santacruzbarueri.com.br\/portal\/wp-content\/uploads\/2026\/04\/com-santa-catarina-2.png 168w, https:\/\/santacruzbarueri.com.br\/portal\/wp-content\/uploads\/2026\/04\/com-santa-catarina-2-150x150.png 150w\" sizes=\"auto, (max-width: 168px) 100vw, 168px\" \/><\/figure>\n<\/div>\n\n\n\n<div class=\"wp-block-column is-layout-flow wp-block-column-is-layout-flow\" style=\"flex-basis:66.66%\">\n<h2 class=\"wp-block-heading\">Santa Catarina de Alexandria<\/h2>\n\n\n\n<p><a href=\"https:\/\/www.google.com\/maps\/place\/COMUNIDADE+SANTA+CATARINA+DE+ALEXANDRIA\/@-23.4962729,-46.8906237,19.22z\/data=!4m6!3m5!1s0x94cf0391082751c1:0x89c00413f37ab555!8m2!3d-23.4962716!4d-46.8907098!16s%2Fg%2F11f5h3tvh3?entry=ttu&amp;g_ep=EgoyMDI0MTAxNi4wIKXMDSoASAFQAw%3D%3D\" target=\"_blank\" rel=\"noreferrer noopener\">Avenida Louren\u00e7o Z\u00e1caro, 961 &#8211; Jardim S\u00e3o Silvestre<\/a>\u00a0<img decoding=\"async\" src=\"https:\/\/santacruzbarueri.com.br\/img\/ico-point.svg\"><br>Missas e Celebra\u00e7\u00f5es<br><strong>Quinta-feira 06:30<br>Domingo 09:00 e 19:30<\/strong><\/p>\n<\/div>\n<\/div>\n\n\n\n<div class=\"wp-block-columns is-layout-flex wp-container-core-columns-is-layout-9d6595d7 wp-block-columns-is-layout-flex\">\n<div class=\"wp-block-column is-layout-flow wp-block-column-is-layout-flow\" style=\"flex-basis:25%\">\n<figure class=\"wp-block-image size-full is-resized\"><img loading=\"lazy\" decoding=\"async\" width=\"168\" height=\"168\" src=\"https:\/\/santacruzbarueri.com.br\/portal\/wp-content\/uploads\/2026\/04\/com-nsa-aparecida.png\" alt=\"\" class=\"wp-image-87\" style=\"width:201px;height:auto\" srcset=\"https:\/\/santacruzbarueri.com.br\/portal\/wp-content\/uploads\/2026\/04\/com-nsa-aparecida.png 168w, https:\/\/santacruzbarueri.com.br\/portal\/wp-content\/uploads\/2026\/04\/com-nsa-aparecida-150x150.png 150w\" sizes=\"auto, (max-width: 168px) 100vw, 168px\" \/><\/figure>\n<\/div>\n\n\n\n<div class=\"wp-block-column is-layout-flow wp-block-column-is-layout-flow\" style=\"flex-basis:66.66%\">\n<h2 class=\"wp-block-heading\">Nossa Senhora Aparecida<\/h2>\n\n\n\n<p><a href=\"https:\/\/www.google.com\/maps\/place\/Comunidade+Nossa+Senhora+Aparecida\/@-23.4850123,-46.8887702,15z\/data=!4m6!3m5!1s0x94cf0342c07f09c1:0xd7975e79bea4aef3!8m2!3d-23.4850123!4d-46.8887702!16s%2Fg%2F11vdzqy5w8?entry=ttu&amp;g_ep=EgoyMDI0MTAxNi4wIKXMDSoASAFQAw%3D%3D\" target=\"_blank\" rel=\"noreferrer noopener\">Rua Lorena, 514 &#8211; Vila Engenho Novo<\/a>&nbsp;<img decoding=\"async\" src=\"https:\/\/santacruzbarueri.com.br\/img\/ico-point.svg\"><br>Missas e Celebra\u00e7\u00f5es<br><strong>Ter\u00e7a-feira 06:30<br>S\u00e1bado 18:30<\/strong><\/p>\n<\/div>\n<\/div>\n\n\n\n<div class=\"wp-block-columns is-layout-flex wp-container-core-columns-is-layout-9d6595d7 wp-block-columns-is-layout-flex\">\n<div class=\"wp-block-column is-layout-flow wp-block-column-is-layout-flow\" style=\"flex-basis:25%\">\n<figure class=\"wp-block-image size-full is-resized\"><img loading=\"lazy\" decoding=\"async\" width=\"168\" height=\"168\" src=\"https:\/\/santacruzbarueri.com.br\/portal\/wp-content\/uploads\/2026\/04\/com-nsa-gracas.png\" alt=\"\" class=\"wp-image-89\" style=\"width:201px;height:auto\" srcset=\"https:\/\/santacruzbarueri.com.br\/portal\/wp-content\/uploads\/2026\/04\/com-nsa-gracas.png 168w, https:\/\/santacruzbarueri.com.br\/portal\/wp-content\/uploads\/2026\/04\/com-nsa-gracas-150x150.png 150w\" sizes=\"auto, (max-width: 168px) 100vw, 168px\" \/><\/figure>\n<\/div>\n\n\n\n<div class=\"wp-block-column is-layout-flow wp-block-column-is-layout-flow\" style=\"flex-basis:66.66%\">\n<h2 class=\"wp-block-heading\">Nossa Senhora das Gra\u00e7as<\/h2>\n\n\n\n<p><a href=\"https:\/\/www.google.com\/maps\/dir\/\/Comunidade+Nossa+Senhora+das+Gra%C3%A7as+-+R.+Mar+de+Java,+344+-+Jardim+Florida,+Barueri+-+SP,+06405-065\/@-23.4849414,-46.9608008,12z\/data=!4m9!4m8!1m0!1m5!1m1!1s0x94cf0380871b9437:0xa5931fc262b047c!2m2!1d-46.8967181!2d-23.5002192!3e0?entry=ttu&amp;g_ep=EgoyMDI0MTAxNi4wIKXMDSoASAFQAw%3D%3D\" target=\"_blank\" rel=\"noreferrer noopener\">Rua Mar de Java, 344 &#8211; Jardim Fl\u00f3rida<\/a> <img decoding=\"async\" src=\"https:\/\/santacruzbarueri.com.br\/img\/ico-point.svg\"><br>Missas e Celebra\u00e7\u00f5es<br><strong>Sexta-feira 20:00<br>Domingo 07:30<\/strong><\/p>\n<\/div>\n<\/div>\n\n\n\n<div class=\"wp-block-columns is-layout-flex wp-container-core-columns-is-layout-9d6595d7 wp-block-columns-is-layout-flex\">\n<div class=\"wp-block-column is-layout-flow wp-block-column-is-layout-flow\" style=\"flex-basis:25%\">\n<figure class=\"wp-block-image size-full is-resized\"><img loading=\"lazy\" decoding=\"async\" width=\"168\" height=\"168\" src=\"https:\/\/santacruzbarueri.com.br\/portal\/wp-content\/uploads\/2026\/04\/com-nsa-fatima.png\" alt=\"\" class=\"wp-image-90\" style=\"width:201px;height:auto\" srcset=\"https:\/\/santacruzbarueri.com.br\/portal\/wp-content\/uploads\/2026\/04\/com-nsa-fatima.png 168w, https:\/\/santacruzbarueri.com.br\/portal\/wp-content\/uploads\/2026\/04\/com-nsa-fatima-150x150.png 150w\" sizes=\"auto, (max-width: 168px) 100vw, 168px\" \/><\/figure>\n<\/div>\n\n\n\n<div class=\"wp-block-column is-layout-flow wp-block-column-is-layout-flow\" style=\"flex-basis:66.66%\">\n<h2 class=\"wp-block-heading\">Nossa Senhora de F\u00e1tima<\/h2>\n\n\n\n<p><a href=\"https:\/\/www.google.com\/maps\/place\/Comunidade+Nossa+Senhora+de+F%C3%A1tima\/@-23.490433,-46.8985673,17z\/data=!4m6!3m5!1s0x94cf03815a047ebd:0x682707ec4cb3f979!8m2!3d-23.4904946!4d-46.8985284!16s%2Fg%2F11c6v77ybs?entry=ttu&amp;g_ep=EgoyMDI0MTAxNi4wIKXMDSoASAFQAw%3D%3D\" target=\"_blank\" rel=\"noreferrer noopener\">Rua Major \u00c1lvaro Fontes, 561 &#8211; Vila Engenho Novo<\/a> <img decoding=\"async\" src=\"https:\/\/santacruzbarueri.com.br\/img\/ico-point.svg\"><br>Missas e Celebra\u00e7\u00f5es<br><strong>Quarta-feira 20:00<br>Domingo 09:00<\/strong><\/p>\n<\/div>\n<\/div>\n\n\n\n<div class=\"wp-block-columns is-layout-flex wp-container-core-columns-is-layout-9d6595d7 wp-block-columns-is-layout-flex\">\n<div class=\"wp-block-column is-layout-flow wp-block-column-is-layout-flow\" style=\"flex-basis:25%\">\n<figure class=\"wp-block-image size-full is-resized\"><img loading=\"lazy\" decoding=\"async\" width=\"168\" height=\"168\" src=\"https:\/\/santacruzbarueri.com.br\/portal\/wp-content\/uploads\/2026\/04\/com-sao-judas.png\" alt=\"\" class=\"wp-image-92\" style=\"width:201px;height:auto\" srcset=\"https:\/\/santacruzbarueri.com.br\/portal\/wp-content\/uploads\/2026\/04\/com-sao-judas.png 168w, https:\/\/santacruzbarueri.com.br\/portal\/wp-content\/uploads\/2026\/04\/com-sao-judas-150x150.png 150w\" sizes=\"auto, (max-width: 168px) 100vw, 168px\" \/><\/figure>\n<\/div>\n\n\n\n<div class=\"wp-block-column is-layout-flow wp-block-column-is-layout-flow\" style=\"flex-basis:66.66%\">\n<h2 class=\"wp-block-heading\">S\u00e3o Judas Tadeu<\/h2>\n\n\n\n<p><a href=\"https:\/\/www.google.com\/maps\/place\/Comunidade+S%C3%A3o+Judas+Tadeu\/@-23.4850624,-46.8868273,17z\/data=!3m1!4b1!4m6!3m5!1s0x94cf03d5181cea23:0x7b929dd59489eb53!8m2!3d-23.4850624!4d-46.8842524!16s%2Fg%2F11j1rqhd0z?entry=ttu&amp;g_ep=EgoyMDI0MTAxNi4wIKXMDSoASAFQAw%3D%3D\" target=\"_blank\" rel=\"noreferrer noopener\">Rua Caraj\u00e1s, 485 &#8211; Vila S\u00e3o Silvestre<\/a>\u00a0<img decoding=\"async\" src=\"https:\/\/santacruzbarueri.com.br\/img\/ico-point.svg\"><br>Missas e Celebra\u00e7\u00f5es<br><strong>Quarta-feira 06:30<br>S\u00e1bado 20:00<\/strong><\/p>\n<\/div>\n<\/div>\n\n\n\n<div class=\"wp-block-columns is-layout-flex wp-container-core-columns-is-layout-9d6595d7 wp-block-columns-is-layout-flex\">\n<div class=\"wp-block-column is-layout-flow wp-block-column-is-layout-flow\" style=\"flex-basis:25%\">\n<figure class=\"wp-block-image size-full is-resized\"><img loading=\"lazy\" decoding=\"async\" width=\"168\" height=\"168\" src=\"https:\/\/santacruzbarueri.com.br\/portal\/wp-content\/uploads\/2026\/04\/com-santo-expedito.png\" alt=\"\" class=\"wp-image-93\" style=\"width:201px;height:auto\" srcset=\"https:\/\/santacruzbarueri.com.br\/portal\/wp-content\/uploads\/2026\/04\/com-santo-expedito.png 168w, https:\/\/santacruzbarueri.com.br\/portal\/wp-content\/uploads\/2026\/04\/com-santo-expedito-150x150.png 150w\" sizes=\"auto, (max-width: 168px) 100vw, 168px\" \/><\/figure>\n<\/div>\n\n\n\n<div class=\"wp-block-column is-layout-flow wp-block-column-is-layout-flow\" style=\"flex-basis:66.66%\">\n<h2 class=\"wp-block-heading\">Santo Expedito<\/h2>\n\n\n\n<p><a href=\"https:\/\/www.google.com\/maps\/@-23.4820967,-46.884578,3a,75y,163.88h,88.58t\/data=!3m7!1e1!3m5!1s5-JY4n9hA4c0anqOW75dHw!2e0!6shttps:%2F%2Fstreetviewpixels-pa.googleapis.com%2Fv1%2Fthumbnail%3Fcb_client%3Dmaps_sv.tactile%26w%3D900%26h%3D600%26pitch%3D1.4156151624776214%26panoid%3D5-JY4n9hA4c0anqOW75dHw%26yaw%3D163.87531888406951!7i16384!8i8192?coh=205410&amp;entry=ttu&amp;g_ep=EgoyMDI0MTAxNi4wIKXMDSoASAFQAw%3D%3D\" target=\"_blank\" rel=\"noreferrer noopener\">Rua Rancharia, 135 &#8211; Jardim Graziela<\/a>\u00a0<img decoding=\"async\" src=\"https:\/\/santacruzbarueri.com.br\/img\/ico-point.svg\"><br>Missas e Celebra\u00e7\u00f5es<br><strong>Ter\u00e7a-feira 20:00<br>Domingo 10:30<\/strong><\/p>\n<\/div>\n<\/div>\n\n\n\n<p><\/p>\n","protected":false},"excerpt":{"rendered":"<p>Nossa Par\u00f3quia \u00e9 composta por sete comunidades localizadas na regi\u00e3o do Engenho Novo, Jardim Calif\u00f3rnia, Jardim &hellip; <a title=\"Comunidades\" class=\"hm-read-more\" href=\"https:\/\/santacruzbarueri.com.br\/portal\/comunidades\/\"><span class=\"screen-reader-text\">Comunidades<\/span>Read more<\/a><\/p>\n","protected":false},"author":1,"featured_media":0,"parent":0,"menu_order":0,"comment_status":"closed","ping_status":"closed","template":"","meta":{"footnotes":""},"class_list":["post-28","page","type-page","status-publish","hentry"],"_hostinger_reach_plugin_has_subscription_block":false,"_hostinger_reach_plugin_is_elementor":false,"_links":{"self":[{"href":"https:\/\/santacruzbarueri.com.br\/portal\/wp-json\/wp\/v2\/pages\/28","targetHints":{"allow":["GET"]}}],"collection":[{"href":"https:\/\/santacruzbarueri.com.br\/portal\/wp-json\/wp\/v2\/pages"}],"about":[{"href":"https:\/\/santacruzbarueri.com.br\/portal\/wp-json\/wp\/v2\/types\/page"}],"author":[{"embeddable":true,"href":"https:\/\/santacruzbarueri.com.br\/portal\/wp-json\/wp\/v2\/users\/1"}],"replies":[{"embeddable":true,"href":"https:\/\/santacruzbarueri.com.br\/portal\/wp-json\/wp\/v2\/comments?post=28"}],"version-history":[{"count":8,"href":"https:\/\/santacruzbarueri.com.br\/portal\/wp-json\/wp\/v2\/pages\/28\/revisions"}],"predecessor-version":[{"id":96,"href":"https:\/\/santacruzbarueri.com.br\/portal\/wp-json\/wp\/v2\/pages\/28\/revisions\/96"}],"wp:attachment":[{"href":"https:\/\/santacruzbarueri.com.br\/portal\/wp-json\/wp\/v2\/media?parent=28"}],"curies":[{"name":"wp","href":"https:\/\/api.w.org\/{rel}","templated":true}]}}