{"id":123,"date":"2026-04-27T16:44:11","date_gmt":"2026-04-27T19:44:11","guid":{"rendered":"https:\/\/santacruzbarueri.com.br\/portal\/?page_id=123"},"modified":"2026-05-02T02:15:57","modified_gmt":"2026-05-02T05:15:57","slug":"socios-operarios","status":"publish","type":"page","link":"https:\/\/santacruzbarueri.com.br\/portal\/socios-operarios\/","title":{"rendered":"S\u00f3cios Oper\u00e1rios"},"content":{"rendered":"\n<h2 class=\"wp-block-heading\">Vamos construir o futuro da nova matriz da Par\u00f3quia Santa Cruz!<\/h2>\n\n\n\n<p>Junte-se a n\u00f3s nesta nobre miss\u00e3o como um S\u00f3cio Oper\u00e1rio. Convidamos voc\u00ea a se tornar parte de um cap\u00edtulo hist\u00f3rico em nossa comunidade &#8211; a constru\u00e7\u00e3o da nova matriz da Par\u00f3quia Santa Cruz.<\/p>\n\n\n\n<p>Da cruz de madeira \u00e0 nova matriz, nossa f\u00e9 constr\u00f3i o amanh\u00e3. Este lema resume nossa jornada desde os humildes come\u00e7os at\u00e9 o grandioso futuro que nos aguarda.<\/p>\n\n\n\n<p>Nossa jornada n\u00e3o \u00e9 apenas de tijolos e argamassa, mas de f\u00e9 renovada, comunidade fortalecida e um legado que perdurar\u00e1 por gera\u00e7\u00f5es. Sua contribui\u00e7\u00e3o ser\u00e1 o alicerce deste sonho coletivo, um testemunho vivo da for\u00e7a de nossa f\u00e9 e da uni\u00e3o de nossa comunidade. Cada gesto de generosidade nos aproxima da realiza\u00e7\u00e3o de uma igreja que, assim como a cruz original, ser\u00e1 um farol de esperan\u00e7a, um centro pulsante de renova\u00e7\u00e3o espiritual.<\/p>\n\n\n\n<p>Fa\u00e7a parte desta transforma\u00e7\u00e3o hist\u00f3rica, que iluminar\u00e1 nossa comunidade por gera\u00e7\u00f5es.<\/p>\n\n\n\n<p>A sua generosidade hoje construir\u00e1 nosso amanh\u00e3.<\/p>\n\n\n\n<p>Com gratid\u00e3o e b\u00ean\u00e7\u00e3os,<\/p>\n\n\n\n<p><strong>Padre Ricardo Rodrigues<\/strong><br><em>P\u00e1roco da Par\u00f3quia Santa Cruz<\/em><\/p>\n\n\n\n<h2 class=\"wp-block-heading\">Como contribuir<\/h2>\n\n\n\n<div class=\"wp-block-columns alignwide is-layout-flex wp-container-core-columns-is-layout-84fc0ee2 wp-block-columns-is-layout-flex\" style=\"margin-bottom:0;padding-top:var(--wp--preset--spacing--50);padding-bottom:var(--wp--preset--spacing--50)\">\n<div class=\"wp-block-column has-text-color has-background has-link-color has-medium-font-size wp-elements-cef20aaf019a15a1aa2e147b4baa4059 is-layout-flow wp-block-column-is-layout-flow\" style=\"color:#000000;background-color:#ffe97d;padding-top:0em;padding-right:1em;padding-bottom:0em;padding-left:1em;flex-basis:320px\">\n<h2 class=\"wp-block-heading\" id=\"single\" style=\"font-size:40px\"><strong>Plano 50<\/strong><\/h2>\n\n\n\n<p style=\"font-size:14px;line-height:1.5\"><strong>R$ 600,00&nbsp;<\/strong>em at\u00e9 12x no cart\u00e3o de Cr\u00e9dito, transfer\u00eancia banc\u00e1ria* ou boleto.<\/p>\n\n\n\n<div class=\"wp-block-buttons alignfull is-horizontal is-content-justification-center is-layout-flex wp-container-core-buttons-is-layout-499968f5 wp-block-buttons-is-layout-flex\">\n<div class=\"wp-block-button has-custom-width wp-block-button__width-100\"><a class=\"wp-block-button__link has-white-color has-text-color has-background no-border-radius wp-element-button\" href=\"https:\/\/wa.me\/+5511991448804\/?text=Quero%20contribuir%20com%20R$%2050,00%20mensais\" style=\"background-color:#000000\" target=\"_blank\" rel=\"noreferrer noopener\">R$50,00 \/ m\u00eas<\/a><\/div>\n<\/div>\n<\/div>\n\n\n\n<div class=\"wp-block-column has-text-color has-background has-link-color has-medium-font-size wp-elements-7c03902d03622451d08ab04b5fbac4ae is-layout-flow wp-block-column-is-layout-flow\" style=\"color:#000000;background-color:#ffe97d;padding-top:0em;padding-right:1em;padding-bottom:0em;padding-left:1em;flex-basis:320px\">\n<h2 class=\"wp-block-heading\" id=\"family\" style=\"font-size:40px\"><strong>Plano 70<\/strong><\/h2>\n\n\n\n<p style=\"font-size:14px;line-height:1.5\"><strong><strong>R$ 840,00<\/strong><\/strong>&nbsp;em at\u00e9 12x no cart\u00e3o de Cr\u00e9dito, transfer\u00eancia banc\u00e1ria* ou boleto.<\/p>\n\n\n\n<div class=\"wp-block-buttons alignfull is-horizontal is-content-justification-center is-layout-flex wp-container-core-buttons-is-layout-499968f5 wp-block-buttons-is-layout-flex\">\n<div class=\"wp-block-button has-custom-width wp-block-button__width-100 is-style-fill\"><a class=\"wp-block-button__link has-white-color has-text-color has-background no-border-radius wp-element-button\" href=\"https:\/\/wa.me\/+5511991448804\/?text=Quero%20contribuir%20com%20R$%2070,00%20mensais\" style=\"background-color:#000000\">R$70,00 \/ m\u00eas<\/a><\/div>\n<\/div>\n<\/div>\n\n\n\n<div class=\"wp-block-column has-text-color has-background has-link-color has-medium-font-size wp-elements-dc1f4d66c31b675ebfc5edada449d7c4 is-layout-flow wp-block-column-is-layout-flow\" style=\"color:#000000;background-color:#ffe97d;padding-top:0em;padding-right:1em;padding-bottom:0em;padding-left:1em;flex-basis:320px\">\n<h2 class=\"wp-block-heading\" id=\"family\" style=\"font-size:40px\"><strong>Plano 100<\/strong><\/h2>\n\n\n\n<p style=\"font-size:14px;line-height:1.5\"><strong><strong>R$ 1.200,00<\/strong><\/strong>&nbsp;em at\u00e9 12x no cart\u00e3o de Cr\u00e9dito, transfer\u00eancia banc\u00e1ria* ou boleto.<\/p>\n\n\n\n<div class=\"wp-block-buttons alignfull is-horizontal is-content-justification-center is-layout-flex wp-container-core-buttons-is-layout-499968f5 wp-block-buttons-is-layout-flex\">\n<div class=\"wp-block-button has-custom-width wp-block-button__width-100 is-style-fill\"><a class=\"wp-block-button__link has-white-color has-text-color has-background no-border-radius wp-element-button\" href=\"https:\/\/wa.me\/+5511991448804\/?text=Quero%20contribuir%20com%20R$%20100,00%20mensais\" style=\"background-color:#000000\">R$100,00 \/ m\u00eas<\/a><\/div>\n<\/div>\n<\/div>\n<\/div>\n\n\n\n<p>Voc\u00ea ainda pode doar qualquer valor, basta entrar em contato com um agente do S\u00f3cio Oper\u00e1rio atrav\u00e9s do WhatsApp&nbsp;<a href=\"https:\/\/wa.me\/+5511914468804\/?text=Bom%20dia,%20preciso%20de%20informa%C3%A7%C3%B5es%20sobre\" target=\"_blank\" rel=\"noreferrer noopener\">(11) 91446 8804<\/a>, no Balc\u00e3o dos S\u00f3cios Oper\u00e1rios durante as Missas ou pela secretaria paroquial (verifique hor\u00e1rio de atendimento).<\/p>\n\n\n\n<h2 class=\"wp-block-heading\">Galeria de Imagens<\/h2>\n\n\n\n<figure class=\"wp-block-gallery has-nested-images columns-5 is-cropped wp-block-gallery-1 is-layout-flex wp-block-gallery-is-layout-flex\">\n<figure class=\"wp-block-image size-large\"><img loading=\"lazy\" decoding=\"async\" width=\"1024\" height=\"576\" data-id=\"125\" src=\"https:\/\/santacruzbarueri.com.br\/portal\/wp-content\/uploads\/2026\/04\/nova-matriz-01-1024x576.jpeg\" alt=\"\" class=\"wp-image-125\" srcset=\"https:\/\/santacruzbarueri.com.br\/portal\/wp-content\/uploads\/2026\/04\/nova-matriz-01-1024x576.jpeg 1024w, https:\/\/santacruzbarueri.com.br\/portal\/wp-content\/uploads\/2026\/04\/nova-matriz-01-300x169.jpeg 300w, https:\/\/santacruzbarueri.com.br\/portal\/wp-content\/uploads\/2026\/04\/nova-matriz-01-768x432.jpeg 768w, https:\/\/santacruzbarueri.com.br\/portal\/wp-content\/uploads\/2026\/04\/nova-matriz-01.jpeg 1280w\" sizes=\"auto, (max-width: 1024px) 100vw, 1024px\" \/><\/figure>\n\n\n\n<figure class=\"wp-block-image size-large\"><img loading=\"lazy\" decoding=\"async\" width=\"1024\" height=\"576\" data-id=\"126\" src=\"https:\/\/santacruzbarueri.com.br\/portal\/wp-content\/uploads\/2026\/04\/nova-matriz-02-1024x576.jpeg\" alt=\"\" class=\"wp-image-126\" srcset=\"https:\/\/santacruzbarueri.com.br\/portal\/wp-content\/uploads\/2026\/04\/nova-matriz-02-1024x576.jpeg 1024w, https:\/\/santacruzbarueri.com.br\/portal\/wp-content\/uploads\/2026\/04\/nova-matriz-02-300x169.jpeg 300w, https:\/\/santacruzbarueri.com.br\/portal\/wp-content\/uploads\/2026\/04\/nova-matriz-02-768x432.jpeg 768w, https:\/\/santacruzbarueri.com.br\/portal\/wp-content\/uploads\/2026\/04\/nova-matriz-02.jpeg 1280w\" sizes=\"auto, (max-width: 1024px) 100vw, 1024px\" \/><\/figure>\n\n\n\n<figure class=\"wp-block-image size-large\"><img decoding=\"async\" data-id=\"130\" src=\"https:\/\/santacruzbarueri.com.br\/portal\/wp-content\/uploads\/2026\/04\/nova-matriz-03-1024x576.jpeg\" alt=\"\" class=\"wp-image-130\"\/><\/figure>\n\n\n\n<figure class=\"wp-block-image size-large\"><img loading=\"lazy\" decoding=\"async\" width=\"1024\" height=\"576\" data-id=\"127\" src=\"https:\/\/santacruzbarueri.com.br\/portal\/wp-content\/uploads\/2026\/04\/nova-matriz-04-1024x576.jpeg\" alt=\"\" class=\"wp-image-127\" srcset=\"https:\/\/santacruzbarueri.com.br\/portal\/wp-content\/uploads\/2026\/04\/nova-matriz-04-1024x576.jpeg 1024w, https:\/\/santacruzbarueri.com.br\/portal\/wp-content\/uploads\/2026\/04\/nova-matriz-04-300x169.jpeg 300w, https:\/\/santacruzbarueri.com.br\/portal\/wp-content\/uploads\/2026\/04\/nova-matriz-04-768x432.jpeg 768w, https:\/\/santacruzbarueri.com.br\/portal\/wp-content\/uploads\/2026\/04\/nova-matriz-04.jpeg 1280w\" sizes=\"auto, (max-width: 1024px) 100vw, 1024px\" \/><\/figure>\n\n\n\n<figure class=\"wp-block-image size-large\"><img loading=\"lazy\" decoding=\"async\" width=\"1024\" height=\"576\" data-id=\"128\" src=\"https:\/\/santacruzbarueri.com.br\/portal\/wp-content\/uploads\/2026\/04\/nova-matriz-05-1024x576.jpeg\" alt=\"\" class=\"wp-image-128\" srcset=\"https:\/\/santacruzbarueri.com.br\/portal\/wp-content\/uploads\/2026\/04\/nova-matriz-05-1024x576.jpeg 1024w, https:\/\/santacruzbarueri.com.br\/portal\/wp-content\/uploads\/2026\/04\/nova-matriz-05-300x169.jpeg 300w, https:\/\/santacruzbarueri.com.br\/portal\/wp-content\/uploads\/2026\/04\/nova-matriz-05-768x432.jpeg 768w, https:\/\/santacruzbarueri.com.br\/portal\/wp-content\/uploads\/2026\/04\/nova-matriz-05.jpeg 1280w\" sizes=\"auto, (max-width: 1024px) 100vw, 1024px\" \/><\/figure>\n\n\n\n<figure class=\"wp-block-image size-large\"><img loading=\"lazy\" decoding=\"async\" width=\"1024\" height=\"576\" data-id=\"131\" src=\"https:\/\/santacruzbarueri.com.br\/portal\/wp-content\/uploads\/2026\/04\/nova-matriz-06-1024x576.jpeg\" alt=\"\" class=\"wp-image-131\" srcset=\"https:\/\/santacruzbarueri.com.br\/portal\/wp-content\/uploads\/2026\/04\/nova-matriz-06-1024x576.jpeg 1024w, https:\/\/santacruzbarueri.com.br\/portal\/wp-content\/uploads\/2026\/04\/nova-matriz-06-300x169.jpeg 300w, https:\/\/santacruzbarueri.com.br\/portal\/wp-content\/uploads\/2026\/04\/nova-matriz-06-768x432.jpeg 768w, https:\/\/santacruzbarueri.com.br\/portal\/wp-content\/uploads\/2026\/04\/nova-matriz-06.jpeg 1280w\" sizes=\"auto, (max-width: 1024px) 100vw, 1024px\" \/><\/figure>\n\n\n\n<figure class=\"wp-block-image size-large\"><img loading=\"lazy\" decoding=\"async\" width=\"1024\" height=\"576\" data-id=\"137\" src=\"https:\/\/santacruzbarueri.com.br\/portal\/wp-content\/uploads\/2026\/04\/nova-matriz-07-1024x576.jpeg\" alt=\"\" class=\"wp-image-137\" srcset=\"https:\/\/santacruzbarueri.com.br\/portal\/wp-content\/uploads\/2026\/04\/nova-matriz-07-1024x576.jpeg 1024w, https:\/\/santacruzbarueri.com.br\/portal\/wp-content\/uploads\/2026\/04\/nova-matriz-07-300x169.jpeg 300w, https:\/\/santacruzbarueri.com.br\/portal\/wp-content\/uploads\/2026\/04\/nova-matriz-07-768x432.jpeg 768w, https:\/\/santacruzbarueri.com.br\/portal\/wp-content\/uploads\/2026\/04\/nova-matriz-07.jpeg 1280w\" sizes=\"auto, (max-width: 1024px) 100vw, 1024px\" \/><\/figure>\n\n\n\n<figure class=\"wp-block-image size-large\"><img loading=\"lazy\" decoding=\"async\" width=\"1024\" height=\"576\" data-id=\"134\" src=\"https:\/\/santacruzbarueri.com.br\/portal\/wp-content\/uploads\/2026\/04\/nova-matriz-08-1024x576.jpeg\" alt=\"\" class=\"wp-image-134\" srcset=\"https:\/\/santacruzbarueri.com.br\/portal\/wp-content\/uploads\/2026\/04\/nova-matriz-08-1024x576.jpeg 1024w, https:\/\/santacruzbarueri.com.br\/portal\/wp-content\/uploads\/2026\/04\/nova-matriz-08-300x169.jpeg 300w, https:\/\/santacruzbarueri.com.br\/portal\/wp-content\/uploads\/2026\/04\/nova-matriz-08-768x432.jpeg 768w, https:\/\/santacruzbarueri.com.br\/portal\/wp-content\/uploads\/2026\/04\/nova-matriz-08.jpeg 1280w\" sizes=\"auto, (max-width: 1024px) 100vw, 1024px\" \/><\/figure>\n\n\n\n<figure class=\"wp-block-image size-large\"><img loading=\"lazy\" decoding=\"async\" width=\"1024\" height=\"576\" data-id=\"129\" src=\"https:\/\/santacruzbarueri.com.br\/portal\/wp-content\/uploads\/2026\/04\/nova-matriz-09-1024x576.jpeg\" alt=\"\" class=\"wp-image-129\" srcset=\"https:\/\/santacruzbarueri.com.br\/portal\/wp-content\/uploads\/2026\/04\/nova-matriz-09-1024x576.jpeg 1024w, https:\/\/santacruzbarueri.com.br\/portal\/wp-content\/uploads\/2026\/04\/nova-matriz-09-300x169.jpeg 300w, https:\/\/santacruzbarueri.com.br\/portal\/wp-content\/uploads\/2026\/04\/nova-matriz-09-768x432.jpeg 768w, https:\/\/santacruzbarueri.com.br\/portal\/wp-content\/uploads\/2026\/04\/nova-matriz-09.jpeg 1280w\" sizes=\"auto, (max-width: 1024px) 100vw, 1024px\" \/><\/figure>\n\n\n\n<figure class=\"wp-block-image size-large\"><img loading=\"lazy\" decoding=\"async\" width=\"1024\" height=\"576\" data-id=\"139\" src=\"https:\/\/santacruzbarueri.com.br\/portal\/wp-content\/uploads\/2026\/04\/nova-matriz-10-1024x576.jpeg\" alt=\"\" class=\"wp-image-139\" srcset=\"https:\/\/santacruzbarueri.com.br\/portal\/wp-content\/uploads\/2026\/04\/nova-matriz-10-1024x576.jpeg 1024w, https:\/\/santacruzbarueri.com.br\/portal\/wp-content\/uploads\/2026\/04\/nova-matriz-10-300x169.jpeg 300w, https:\/\/santacruzbarueri.com.br\/portal\/wp-content\/uploads\/2026\/04\/nova-matriz-10-768x432.jpeg 768w, https:\/\/santacruzbarueri.com.br\/portal\/wp-content\/uploads\/2026\/04\/nova-matriz-10.jpeg 1280w\" sizes=\"auto, (max-width: 1024px) 100vw, 1024px\" \/><\/figure>\n\n\n\n<figure class=\"wp-block-image size-large\"><img loading=\"lazy\" decoding=\"async\" width=\"1024\" height=\"576\" data-id=\"133\" src=\"https:\/\/santacruzbarueri.com.br\/portal\/wp-content\/uploads\/2026\/04\/nova-matriz-11-1024x576.jpeg\" alt=\"\" class=\"wp-image-133\" srcset=\"https:\/\/santacruzbarueri.com.br\/portal\/wp-content\/uploads\/2026\/04\/nova-matriz-11-1024x576.jpeg 1024w, https:\/\/santacruzbarueri.com.br\/portal\/wp-content\/uploads\/2026\/04\/nova-matriz-11-300x169.jpeg 300w, https:\/\/santacruzbarueri.com.br\/portal\/wp-content\/uploads\/2026\/04\/nova-matriz-11-768x432.jpeg 768w, https:\/\/santacruzbarueri.com.br\/portal\/wp-content\/uploads\/2026\/04\/nova-matriz-11.jpeg 1280w\" sizes=\"auto, (max-width: 1024px) 100vw, 1024px\" \/><\/figure>\n\n\n\n<figure class=\"wp-block-image size-large\"><img loading=\"lazy\" decoding=\"async\" width=\"1024\" height=\"576\" data-id=\"138\" src=\"https:\/\/santacruzbarueri.com.br\/portal\/wp-content\/uploads\/2026\/04\/nova-matriz-12-1024x576.jpeg\" alt=\"\" class=\"wp-image-138\" srcset=\"https:\/\/santacruzbarueri.com.br\/portal\/wp-content\/uploads\/2026\/04\/nova-matriz-12-1024x576.jpeg 1024w, https:\/\/santacruzbarueri.com.br\/portal\/wp-content\/uploads\/2026\/04\/nova-matriz-12-300x169.jpeg 300w, https:\/\/santacruzbarueri.com.br\/portal\/wp-content\/uploads\/2026\/04\/nova-matriz-12-768x432.jpeg 768w, https:\/\/santacruzbarueri.com.br\/portal\/wp-content\/uploads\/2026\/04\/nova-matriz-12.jpeg 1280w\" sizes=\"auto, (max-width: 1024px) 100vw, 1024px\" \/><\/figure>\n\n\n\n<figure class=\"wp-block-image size-large\"><img loading=\"lazy\" decoding=\"async\" width=\"1024\" height=\"576\" data-id=\"135\" src=\"https:\/\/santacruzbarueri.com.br\/portal\/wp-content\/uploads\/2026\/04\/nova-matriz-13-1024x576.jpeg\" alt=\"\" class=\"wp-image-135\" srcset=\"https:\/\/santacruzbarueri.com.br\/portal\/wp-content\/uploads\/2026\/04\/nova-matriz-13-1024x576.jpeg 1024w, https:\/\/santacruzbarueri.com.br\/portal\/wp-content\/uploads\/2026\/04\/nova-matriz-13-300x169.jpeg 300w, https:\/\/santacruzbarueri.com.br\/portal\/wp-content\/uploads\/2026\/04\/nova-matriz-13-768x432.jpeg 768w, https:\/\/santacruzbarueri.com.br\/portal\/wp-content\/uploads\/2026\/04\/nova-matriz-13.jpeg 1280w\" sizes=\"auto, (max-width: 1024px) 100vw, 1024px\" \/><\/figure>\n\n\n\n<figure class=\"wp-block-image size-large\"><img loading=\"lazy\" decoding=\"async\" width=\"1024\" height=\"576\" data-id=\"136\" src=\"https:\/\/santacruzbarueri.com.br\/portal\/wp-content\/uploads\/2026\/04\/nova-matriz-14-1024x576.jpeg\" alt=\"\" class=\"wp-image-136\" srcset=\"https:\/\/santacruzbarueri.com.br\/portal\/wp-content\/uploads\/2026\/04\/nova-matriz-14-1024x576.jpeg 1024w, https:\/\/santacruzbarueri.com.br\/portal\/wp-content\/uploads\/2026\/04\/nova-matriz-14-300x169.jpeg 300w, https:\/\/santacruzbarueri.com.br\/portal\/wp-content\/uploads\/2026\/04\/nova-matriz-14-768x432.jpeg 768w, https:\/\/santacruzbarueri.com.br\/portal\/wp-content\/uploads\/2026\/04\/nova-matriz-14.jpeg 1280w\" sizes=\"auto, (max-width: 1024px) 100vw, 1024px\" \/><\/figure>\n\n\n\n<figure class=\"wp-block-image size-large\"><img loading=\"lazy\" decoding=\"async\" width=\"1024\" height=\"576\" data-id=\"132\" src=\"https:\/\/santacruzbarueri.com.br\/portal\/wp-content\/uploads\/2026\/04\/nova-matriz-15-1024x576.jpeg\" alt=\"\" class=\"wp-image-132\" srcset=\"https:\/\/santacruzbarueri.com.br\/portal\/wp-content\/uploads\/2026\/04\/nova-matriz-15-1024x576.jpeg 1024w, https:\/\/santacruzbarueri.com.br\/portal\/wp-content\/uploads\/2026\/04\/nova-matriz-15-300x169.jpeg 300w, https:\/\/santacruzbarueri.com.br\/portal\/wp-content\/uploads\/2026\/04\/nova-matriz-15-768x432.jpeg 768w, https:\/\/santacruzbarueri.com.br\/portal\/wp-content\/uploads\/2026\/04\/nova-matriz-15.jpeg 1280w\" sizes=\"auto, (max-width: 1024px) 100vw, 1024px\" \/><\/figure>\n<\/figure>\n\n\n\n<h3 class=\"wp-block-heading\">Voc\u00ea tamb\u00e9m pode realizar um Tour Virtual 360\u00ba!<\/h3>\n\n\n\n<figure class=\"wp-block-image size-full\"><a href=\"https:\/\/meutour360.com\/tour-360\/tour-360-paroquia-santa-cruz-barueri\" target=\"_blank\" rel=\" noreferrer noopener\"><img loading=\"lazy\" decoding=\"async\" width=\"672\" height=\"232\" src=\"https:\/\/santacruzbarueri.com.br\/portal\/wp-content\/uploads\/2026\/04\/header360.png\" alt=\"\" class=\"wp-image-150\" srcset=\"https:\/\/santacruzbarueri.com.br\/portal\/wp-content\/uploads\/2026\/04\/header360.png 672w, https:\/\/santacruzbarueri.com.br\/portal\/wp-content\/uploads\/2026\/04\/header360-300x104.png 300w\" sizes=\"auto, (max-width: 672px) 100vw, 672px\" \/><\/a><\/figure>\n","protected":false},"excerpt":{"rendered":"<p>Vamos construir o futuro da nova matriz da Par\u00f3quia Santa Cruz! Junte-se a n\u00f3s nesta nobre &hellip; <a title=\"S\u00f3cios Oper\u00e1rios\" class=\"hm-read-more\" href=\"https:\/\/santacruzbarueri.com.br\/portal\/socios-operarios\/\"><span class=\"screen-reader-text\">S\u00f3cios Oper\u00e1rios<\/span>Read more<\/a><\/p>\n","protected":false},"author":1,"featured_media":124,"parent":0,"menu_order":0,"comment_status":"closed","ping_status":"closed","template":"","meta":{"footnotes":""},"class_list":["post-123","page","type-page","status-publish","has-post-thumbnail","hentry"],"_hostinger_reach_plugin_has_subscription_block":false,"_hostinger_reach_plugin_is_elementor":false,"_links":{"self":[{"href":"https:\/\/santacruzbarueri.com.br\/portal\/wp-json\/wp\/v2\/pages\/123","targetHints":{"allow":["GET"]}}],"collection":[{"href":"https:\/\/santacruzbarueri.com.br\/portal\/wp-json\/wp\/v2\/pages"}],"about":[{"href":"https:\/\/santacruzbarueri.com.br\/portal\/wp-json\/wp\/v2\/types\/page"}],"author":[{"embeddable":true,"href":"https:\/\/santacruzbarueri.com.br\/portal\/wp-json\/wp\/v2\/users\/1"}],"replies":[{"embeddable":true,"href":"https:\/\/santacruzbarueri.com.br\/portal\/wp-json\/wp\/v2\/comments?post=123"}],"version-history":[{"count":8,"href":"https:\/\/santacruzbarueri.com.br\/portal\/wp-json\/wp\/v2\/pages\/123\/revisions"}],"predecessor-version":[{"id":247,"href":"https:\/\/santacruzbarueri.com.br\/portal\/wp-json\/wp\/v2\/pages\/123\/revisions\/247"}],"wp:featuredmedia":[{"embeddable":true,"href":"https:\/\/santacruzbarueri.com.br\/portal\/wp-json\/wp\/v2\/media\/124"}],"wp:attachment":[{"href":"https:\/\/santacruzbarueri.com.br\/portal\/wp-json\/wp\/v2\/media?parent=123"}],"curies":[{"name":"wp","href":"https:\/\/api.w.org\/{rel}","templated":true}]}}