{"id":119,"date":"2026-04-27T16:06:43","date_gmt":"2026-04-27T19:06:43","guid":{"rendered":"https:\/\/santacruzbarueri.com.br\/portal\/?page_id=119"},"modified":"2026-04-27T16:07:59","modified_gmt":"2026-04-27T19:07:59","slug":"confissao","status":"publish","type":"page","link":"https:\/\/santacruzbarueri.com.br\/portal\/confissao\/","title":{"rendered":"Confiss\u00e3o"},"content":{"rendered":"\n<h2 class=\"wp-block-heading\">Voltai \u00e0 Deus de todo cora\u00e7\u00e3o!<\/h2>\n\n\n\n<p>O Sacramento da confiss\u00e3o \u00e9 uma etapa important\u00edssima na vida do crist\u00e3o, onde ele, arrependido de seus pecados e com real prop\u00f3sito de mudan\u00e7a de vida, procura o sacerdote e confessa seus pecados. Essa atitude reaproxima o crist\u00e3o da Gra\u00e7a de Deus, fazendo-o novamente apto para ir para o c\u00e9u.<\/p>\n\n\n\n<p>Em nossa par\u00f3quia temos hor\u00e1rios de confiss\u00e3o dispon\u00edveis em v\u00e1rios dias da semana, para facilitar o seu acesso ao Sacramento:<\/p>\n\n\n\n<div class=\"wp-block-columns is-layout-flex wp-container-core-columns-is-layout-9d6595d7 wp-block-columns-is-layout-flex\">\n<div class=\"wp-block-column has-luminous-vivid-amber-background-color has-background has-large-font-size is-layout-flow wp-block-column-is-layout-flow\" style=\"padding-top:var(--wp--preset--spacing--20);padding-right:var(--wp--preset--spacing--30);padding-bottom:var(--wp--preset--spacing--20);padding-left:var(--wp--preset--spacing--30);flex-basis:240px\">\n<h3 class=\"wp-block-heading is-style-default\">Ter\u00e7a-feira<\/h3>\n\n\n\n<h4 class=\"wp-block-heading\">Das 09:00 \u00e0s 11:00<\/h4>\n<\/div>\n\n\n\n<div class=\"wp-block-column has-luminous-vivid-amber-background-color has-background has-large-font-size is-layout-flow wp-block-column-is-layout-flow\" style=\"padding-top:var(--wp--preset--spacing--20);padding-right:var(--wp--preset--spacing--30);padding-bottom:var(--wp--preset--spacing--20);padding-left:var(--wp--preset--spacing--30);flex-basis:240px\">\n<h3 class=\"wp-block-heading\">Quinta-feira<\/h3>\n\n\n\n<h4 class=\"wp-block-heading\">Das 15:00 \u00e0s 17:00<\/h4>\n<\/div>\n\n\n\n<div class=\"wp-block-column has-luminous-vivid-amber-background-color has-background has-large-font-size is-layout-flow wp-block-column-is-layout-flow\" style=\"padding-top:var(--wp--preset--spacing--20);padding-right:var(--wp--preset--spacing--30);padding-bottom:var(--wp--preset--spacing--20);padding-left:var(--wp--preset--spacing--30);flex-basis:240px\">\n<h3 class=\"wp-block-heading\">S\u00e1bado<\/h3>\n\n\n\n<h4 class=\"wp-block-heading\">Das 09:00 \u00e0s 11:00<\/h4>\n<\/div>\n<\/div>\n\n\n\n<h2 class=\"wp-block-heading\">Como me preparar bem para a confiss\u00e3o?<\/h2>\n\n\n\n<p>Em primeiro lugar e constituindo-se a principal mat\u00e9ria para uma boa confiss\u00e3o, \u00e9 necess\u00e1rio o arrependimento sincero dos pecados cometidos e firme prop\u00f3sito para n\u00e3o pecar mais. Para ajudar no exame da sua consci\u00eancia para realizar uma confiss\u00e3o de verdade, preparamos um roteiro baseado nos dez mandamentos que lhe servir\u00e1 como um guia de revis\u00e3o dos pecados.<\/p>\n\n\n\n<p>Para ajudar a lembrar de cada um dos pecados, anote de forma simples em um papel cada pecado, quantas vezes cometeu e quando cometeu. Essa anota\u00e7\u00e3o \u00e9 s\u00f3 sua e pode ser destru\u00eddo ap\u00f3s a confiss\u00e3o.<\/p>\n\n\n\n<h2 class=\"wp-block-heading\">Exame de consci\u00eancia (baseada nos Dez Mandamentos)<\/h2>\n\n\n\n<h3 class=\"wp-block-heading\">1\u00ba. Amar a Deus sobre todas as coisas<\/h3>\n\n\n\n<ul class=\"wp-block-list\">\n<li>Tive vergonha de testemunhar meu amor a Deus;<\/li>\n\n\n\n<li>Fui relaxado e n\u00e3o cultivei minha uni\u00e3o com Deus. N\u00e3o fiz a leitura e medita\u00e7\u00e3o da Palavra;<\/li>\n\n\n\n<li>Revoltei-me contra Deus nas horas dif\u00edceis. Alimentei supersti\u00e7\u00f5es;<\/li>\n\n\n\n<li>Durante o dia, nunca ou raramente, dirijo o pensamento a Deus. Faltei \u00e0 ora\u00e7\u00e3o de cada dia;<\/li>\n\n\n\n<li>Duvidei da presen\u00e7a de Deus em minha vida, n\u00e3o alimentei minha f\u00e9;<\/li>\n\n\n\n<li>N\u00e3o fui fiel \u00e0 ora\u00e7\u00e3o com minha esposa-esposo e filhos.<\/li>\n<\/ul>\n\n\n\n<h3 class=\"wp-block-heading\">2\u00ba. N\u00e3o tomar o nome de Deus em v\u00e3o<\/h3>\n\n\n\n<ul class=\"wp-block-list\">\n<li>Jurei falsamente ou jurei desnecessariamente;<\/li>\n\n\n\n<li>Usei o Nome de Deus ou s\u00edmbolos religiosos sem o devido respeito;<\/li>\n\n\n\n<li>Busquei a Deus e \u00e0 Igreja somente nas horas de necessidade.<\/li>\n<\/ul>\n\n\n\n<h3 class=\"wp-block-heading\">3\u00ba. Guardar os domingos e dias santos<\/h3>\n\n\n\n<ul class=\"wp-block-list\">\n<li>Faltei \u00e0 Missa aos domingos e dias santos por pregui\u00e7a, por conveni\u00eancia;<\/li>\n\n\n\n<li>Vivi meu domingo para comer, beber, dormir e ver televis\u00e3o;<\/li>\n\n\n\n<li>Sem precisar, entreguei-me ao trabalho aos domingos;<\/li>\n\n\n\n<li>Obriguei meus funcion\u00e1rios ao trabalho aos domingos;<\/li>\n\n\n\n<li>N\u00e3o usei dos domingos para estar com minha fam\u00edlia, para visitar algu\u00e9m.<\/li>\n<\/ul>\n\n\n\n<h3 class=\"wp-block-heading\">4\u00ba. Honrar pai e m\u00e3e<\/h3>\n\n\n\n<ul class=\"wp-block-list\">\n<li>Agredi meu pai ou minha m\u00e3e com palavras, gestos, atitudes;<\/li>\n\n\n\n<li>Descuidei-me deles na hora da doen\u00e7a ou na velhice;<\/li>\n\n\n\n<li>N\u00e3o procurei ser compreensivo com eles;<\/li>\n\n\n\n<li>Deixei passar longo tempo sem os visitar;<\/li>\n\n\n\n<li>Por orgulho, tive vergonha de meus pais.<\/li>\n<\/ul>\n\n\n\n<h3 class=\"wp-block-heading\">5\u00ba. N\u00e3o matar<\/h3>\n\n\n\n<ul class=\"wp-block-list\">\n<li>Pratiquei o aborto, fui c\u00famplice ou apoiei algu\u00e9m que abortou;<\/li>\n\n\n\n<li>Usei drogas, fui al\u00e9m dos limites na bebida alco\u00f3lica e no cigarro;<\/li>\n\n\n\n<li>N\u00e3o cuidei da minha sa\u00fade ou da sa\u00fade das pessoas que dependem de mim;<\/li>\n\n\n\n<li>Feri as pessoas com olhar, ou as agredi f\u00edsica ou grosseiramente;<\/li>\n\n\n\n<li>Alimentei desejos de vingan\u00e7a, \u00f3dio, revoltas. Desejei mal aos outros;<\/li>\n\n\n\n<li>Neguei o perd\u00e3o a algu\u00e9m;<\/li>\n\n\n\n<li>N\u00e3o gastei, ao menos um pouquinho de meu dinheiro, para ajudar aos necessitados;<\/li>\n\n\n\n<li>Pensei ou tentei o suic\u00eddio;<\/li>\n\n\n\n<li>Fui racista e preconceituoso, ou n\u00e3o combati o racismo e os preconceitos.<\/li>\n<\/ul>\n\n\n\n<h3 class=\"wp-block-heading\">6\u00ba. N\u00e3o pecar contra a castidade<\/h3>\n\n\n\n<ul class=\"wp-block-list\">\n<li>Descuidei em lutar pela minha santifica\u00e7\u00e3o;<\/li>\n\n\n\n<li>N\u00e3o disciplinei os meus sentidos, instintos, vontade;<\/li>\n\n\n\n<li>Dei espa\u00e7o \u00e0 sensualidade, erotismo, pornografia;<\/li>\n\n\n\n<li>Gastei tempo e dinheiro com filmes, revistas, espet\u00e1culos e sites da internet desonestos;<\/li>\n\n\n\n<li>Ca\u00ed na masturba\u00e7\u00e3o;<\/li>\n\n\n\n<li>Assediei alguma pessoa, induzi algu\u00e9m ao pecado;<\/li>\n\n\n\n<li>Vesti-me de maneira provocante;<\/li>\n\n\n\n<li>Entrei na casa do Senhor com trajes inadequados;<\/li>\n\n\n\n<li>Fui malicioso em minhas rela\u00e7\u00f5es de amizade?<\/li>\n<\/ul>\n\n\n\n<h3 class=\"wp-block-heading\">7\u00ba. N\u00e3o furtar<\/h3>\n\n\n\n<ul class=\"wp-block-list\">\n<li>Aceitei ou comprei algo que foi roubado;<\/li>\n\n\n\n<li>Estraguei bens p\u00fablicos ou de outras pessoas;<\/li>\n\n\n\n<li>Desperdicei dinheiro em jogos, bebidas e divers\u00f5es desonestas;<\/li>\n\n\n\n<li>Prejudiquei algu\u00e9m, usando de pesos e medidas falsas, enganando nas mercadorias e neg\u00f3cios;<\/li>\n\n\n\n<li>Explorei alguma pessoa ou n\u00e3o paguei o justo sal\u00e1rio;<\/li>\n\n\n\n<li>N\u00e3o administrei direito meus bens e deixei de pagar minhas d\u00edvidas.<\/li>\n<\/ul>\n\n\n\n<h3 class=\"wp-block-heading\">8\u00ba. N\u00e3o levantar falso testemunho<\/h3>\n\n\n\n<ul class=\"wp-block-list\">\n<li>Envolvi-me em mentiras, difama\u00e7\u00f5es, cal\u00fanias, maus coment\u00e1rios, fiz mau ju\u00edzo dos outros;<\/li>\n\n\n\n<li>Fingi doen\u00e7a ou piedade para enganar os outros;<\/li>\n\n\n\n<li>Desprezei pessoas simples, pobres e idosas, deficientes f\u00edsicos ou mentais;<\/li>\n\n\n\n<li>Dei maus exemplos contra a religi\u00e3o, tanto na fam\u00edlia, na escola, na rua quanto no trabalho.<\/li>\n<\/ul>\n\n\n\n<h3 class=\"wp-block-heading\">9\u00ba. N\u00e3o cobi\u00e7ar a mulher do pr\u00f3ximo<\/h3>\n\n\n\n<ul class=\"wp-block-list\">\n<li>Alimentei fantasias desonestas, envolvendo outras pessoas;<\/li>\n\n\n\n<li>Deixei de valorizar meu c\u00f4njuge;<\/li>\n\n\n\n<li>Pratiquei adult\u00e9rio (uni\u00f5es sexuais antes ou fora do casamento);<\/li>\n\n\n\n<li>N\u00e3o soube desenvolver um namoro maduro e respons\u00e1vel, enganando a(o) namorada(o);<\/li>\n\n\n\n<li>N\u00e3o fugi das ocasi\u00f5es ou lugares pr\u00f3ximos do pecado.<\/li>\n<\/ul>\n\n\n\n<h3 class=\"wp-block-heading\">10\u00ba. N\u00e3o cobi\u00e7ar as coisas alheias<\/h3>\n\n\n\n<ul class=\"wp-block-list\">\n<li>Tenho sido invejoso;<\/li>\n\n\n\n<li>Apoiei movimentos pol\u00edticos que se organizam com o fim de invadir e tomar as propriedades alheias;<\/li>\n\n\n\n<li>Violei segredos, usei de mentiras, ou n\u00e3o tenho combatido o ego\u00edsmo;<\/li>\n\n\n\n<li>Sou dominador, n\u00e3o aceitando a opini\u00e3o ou sucesso dos outros;<\/li>\n\n\n\n<li>Fico descontente ou com raiva diante da prosperidade material e financeira de meu pr\u00f3ximo.<\/li>\n<\/ul>\n\n\n\n<p>N\u00e3o se esque\u00e7a de realizar o Ato de Contri\u00e7\u00e3o, espont\u00e2neamente ou \u00e0 pedido do sacerdote:<\/p>\n\n\n\n<h2 class=\"wp-block-heading\">Sugest\u00e3o para Ato de Contri\u00e7\u00e3o<\/h2>\n\n\n\n<blockquote class=\"wp-block-quote is-layout-flow wp-block-quote-is-layout-flow\">\n<p><em>Senhor Jesus Cristo, Deus e homem verdadeiro, Criador e Redentor meu, por serdes v\u00f3s quem sois sumamente bom e digno de ser amado sobre todas as coisas, e porque vos amo e estimo, pesa-me, Senhor, de todo o meu cora\u00e7\u00e3o, de vos ter ofendido; pesa-me tamb\u00e9m por ter perdido o c\u00e9u e merecido o inferno. Proponho, firmemente, ajudado com o aux\u00edlio da vossa divina gra\u00e7a, emendar-me e nunca mais vos tornar a ofender, e espero alcan\u00e7ar o perd\u00e3o das minhas culpas, pela vossa infinita miseric\u00f3rdia.\u00a0<strong>Am\u00e9m.<\/strong><\/em><\/p>\n<\/blockquote>\n","protected":false},"excerpt":{"rendered":"<p>Voltai \u00e0 Deus de todo cora\u00e7\u00e3o! O Sacramento da confiss\u00e3o \u00e9 uma etapa important\u00edssima na vida &hellip; <a title=\"Confiss\u00e3o\" class=\"hm-read-more\" href=\"https:\/\/santacruzbarueri.com.br\/portal\/confissao\/\"><span class=\"screen-reader-text\">Confiss\u00e3o<\/span>Read more<\/a><\/p>\n","protected":false},"author":1,"featured_media":120,"parent":0,"menu_order":0,"comment_status":"closed","ping_status":"closed","template":"","meta":{"footnotes":""},"class_list":["post-119","page","type-page","status-publish","has-post-thumbnail","hentry"],"_hostinger_reach_plugin_has_subscription_block":false,"_hostinger_reach_plugin_is_elementor":false,"_links":{"self":[{"href":"https:\/\/santacruzbarueri.com.br\/portal\/wp-json\/wp\/v2\/pages\/119","targetHints":{"allow":["GET"]}}],"collection":[{"href":"https:\/\/santacruzbarueri.com.br\/portal\/wp-json\/wp\/v2\/pages"}],"about":[{"href":"https:\/\/santacruzbarueri.com.br\/portal\/wp-json\/wp\/v2\/types\/page"}],"author":[{"embeddable":true,"href":"https:\/\/santacruzbarueri.com.br\/portal\/wp-json\/wp\/v2\/users\/1"}],"replies":[{"embeddable":true,"href":"https:\/\/santacruzbarueri.com.br\/portal\/wp-json\/wp\/v2\/comments?post=119"}],"version-history":[{"count":1,"href":"https:\/\/santacruzbarueri.com.br\/portal\/wp-json\/wp\/v2\/pages\/119\/revisions"}],"predecessor-version":[{"id":121,"href":"https:\/\/santacruzbarueri.com.br\/portal\/wp-json\/wp\/v2\/pages\/119\/revisions\/121"}],"wp:featuredmedia":[{"embeddable":true,"href":"https:\/\/santacruzbarueri.com.br\/portal\/wp-json\/wp\/v2\/media\/120"}],"wp:attachment":[{"href":"https:\/\/santacruzbarueri.com.br\/portal\/wp-json\/wp\/v2\/media?parent=119"}],"curies":[{"name":"wp","href":"https:\/\/api.w.org\/{rel}","templated":true}]}}